{"id":2455,"date":"2024-01-23T13:59:24","date_gmt":"2024-01-23T18:59:24","guid":{"rendered":"https:\/\/johnmacintyre.net\/?page_id=2455"},"modified":"2026-02-16T14:10:16","modified_gmt":"2026-02-16T19:10:16","slug":"lac-ecluse","status":"publish","type":"page","link":"https:\/\/johnmacintyre.net\/en\/lac-ecluse\/","title":{"rendered":"Lac \u00c9cluse Waterfront Real Estate &#8211; 3 Things I Love"},"content":{"rendered":"\t\t<div data-elementor-type=\"wp-page\" data-elementor-id=\"2455\" class=\"elementor elementor-2455\" data-elementor-post-type=\"page\">\n\t\t\t\t\t\t\t\t\t<section class=\"elementor-section elementor-top-section elementor-element elementor-element-56820a1 elementor-section-boxed elementor-section-height-default elementor-section-height-default\" data-id=\"56820a1\" data-element_type=\"section\">\n\t\t\t\t\t\t<div class=\"elementor-container elementor-column-gap-default\">\n\t\t\t\t\t<div class=\"elementor-column elementor-col-100 elementor-top-column elementor-element elementor-element-694a3ac\" data-id=\"694a3ac\" data-element_type=\"column\">\n\t\t\t<div class=\"elementor-widget-wrap elementor-element-populated\">\n\t\t\t\t\t\t\t\t<div class=\"elementor-element elementor-element-2f76931 elementor-widget elementor-widget-heading\" data-id=\"2f76931\" data-element_type=\"widget\" data-widget_type=\"heading.default\">\n\t\t\t\t<div class=\"elementor-widget-container\">\n\t\t\t<h2 class=\"elementor-heading-title elementor-size-default\">Lac de l'\u00c9cluse Waterfront Real Estate - 3 Things I Love<\/h2>\t\t<\/div>\n\t\t\t\t<\/div>\n\t\t\t\t\t<\/div>\n\t\t<\/div>\n\t\t\t\t\t\t\t<\/div>\n\t\t<\/section>\n\t\t\t\t<section class=\"elementor-section elementor-top-section elementor-element elementor-element-4fd0dce elementor-section-boxed elementor-section-height-default elementor-section-height-default\" data-id=\"4fd0dce\" data-element_type=\"section\">\n\t\t\t\t\t\t<div class=\"elementor-container elementor-column-gap-default\">\n\t\t\t\t\t<div class=\"elementor-column elementor-col-100 elementor-top-column elementor-element elementor-element-cd6a4c2\" data-id=\"cd6a4c2\" data-element_type=\"column\">\n\t\t\t<div class=\"elementor-widget-wrap elementor-element-populated\">\n\t\t\t\t\t\t\t\t<section class=\"elementor-section elementor-inner-section elementor-element elementor-element-17c4600 elementor-section-boxed elementor-section-height-default elementor-section-height-default\" data-id=\"17c4600\" data-element_type=\"section\">\n\t\t\t\t\t\t<div class=\"elementor-container elementor-column-gap-default\">\n\t\t\t\t\t<div class=\"elementor-column elementor-col-50 elementor-inner-column elementor-element elementor-element-c8133a0\" data-id=\"c8133a0\" data-element_type=\"column\">\n\t\t\t<div class=\"elementor-widget-wrap elementor-element-populated\">\n\t\t\t\t\t\t\t\t<div class=\"elementor-element elementor-element-47f6a57 elementor-widget__width-initial elementor-widget elementor-widget-image\" data-id=\"47f6a57\" data-element_type=\"widget\" data-widget_type=\"image.default\">\n\t\t\t\t<div class=\"elementor-widget-container\">\n\t\t\t\t\t\t\t\t\t\t\t\t\t\t\t<img fetchpriority=\"high\" decoding=\"async\" width=\"1024\" height=\"410\" src=\"https:\/\/johnmacintyre.net\/wp-content\/uploads\/sites\/79\/2024\/01\/Photo-2024-01-16-12-29-23\u202fPM-1024x410.jpg\" class=\"attachment-large size-large wp-image-2524\" alt=\"\" srcset=\"https:\/\/johnmacintyre.net\/wp-content\/uploads\/sites\/79\/2024\/01\/Photo-2024-01-16-12-29-23\u202fPM-1024x410.jpg 1024w, https:\/\/johnmacintyre.net\/wp-content\/uploads\/sites\/79\/2024\/01\/Photo-2024-01-16-12-29-23\u202fPM-300x120.jpg 300w, https:\/\/johnmacintyre.net\/wp-content\/uploads\/sites\/79\/2024\/01\/Photo-2024-01-16-12-29-23\u202fPM-768x308.jpg 768w, https:\/\/johnmacintyre.net\/wp-content\/uploads\/sites\/79\/2024\/01\/Photo-2024-01-16-12-29-23\u202fPM-1536x616.jpg 1536w, https:\/\/johnmacintyre.net\/wp-content\/uploads\/sites\/79\/2024\/01\/Photo-2024-01-16-12-29-23\u202fPM-2048x821.jpg 2048w\" sizes=\"(max-width: 1024px) 100vw, 1024px\" \/>\t\t\t\t\t\t\t\t\t\t\t\t\t\t\t<\/div>\n\t\t\t\t<\/div>\n\t\t\t\t\t<\/div>\n\t\t<\/div>\n\t\t\t\t<div class=\"elementor-column elementor-col-50 elementor-inner-column elementor-element elementor-element-7d0ba3d\" data-id=\"7d0ba3d\" data-element_type=\"column\">\n\t\t\t<div class=\"elementor-widget-wrap elementor-element-populated\">\n\t\t\t\t\t\t\t\t<div class=\"elementor-element elementor-element-b86c19d elementor-widget__width-initial elementor-widget elementor-widget-image\" data-id=\"b86c19d\" data-element_type=\"widget\" data-widget_type=\"image.default\">\n\t\t\t\t<div class=\"elementor-widget-container\">\n\t\t\t\t\t\t\t\t\t\t\t\t\t\t\t<img decoding=\"async\" width=\"1024\" height=\"365\" src=\"https:\/\/johnmacintyre.net\/wp-content\/uploads\/sites\/79\/2024\/01\/Photo-2017-06-03-6-00-21\u202fPM-1024x365.jpg\" class=\"attachment-large size-large wp-image-2522\" alt=\"\" srcset=\"https:\/\/johnmacintyre.net\/wp-content\/uploads\/sites\/79\/2024\/01\/Photo-2017-06-03-6-00-21\u202fPM-1024x365.jpg 1024w, https:\/\/johnmacintyre.net\/wp-content\/uploads\/sites\/79\/2024\/01\/Photo-2017-06-03-6-00-21\u202fPM-300x107.jpg 300w, https:\/\/johnmacintyre.net\/wp-content\/uploads\/sites\/79\/2024\/01\/Photo-2017-06-03-6-00-21\u202fPM-768x274.jpg 768w, https:\/\/johnmacintyre.net\/wp-content\/uploads\/sites\/79\/2024\/01\/Photo-2017-06-03-6-00-21\u202fPM-1536x548.jpg 1536w, https:\/\/johnmacintyre.net\/wp-content\/uploads\/sites\/79\/2024\/01\/Photo-2017-06-03-6-00-21\u202fPM.jpg 1999w\" sizes=\"(max-width: 1024px) 100vw, 1024px\" \/>\t\t\t\t\t\t\t\t\t\t\t\t\t\t\t<\/div>\n\t\t\t\t<\/div>\n\t\t\t\t\t<\/div>\n\t\t<\/div>\n\t\t\t\t\t\t\t<\/div>\n\t\t<\/section>\n\t\t\t\t\t<\/div>\n\t\t<\/div>\n\t\t\t\t\t\t\t<\/div>\n\t\t<\/section>\n\t\t\t\t<section class=\"elementor-section elementor-top-section elementor-element elementor-element-37d02ef elementor-section-boxed elementor-section-height-default elementor-section-height-default\" data-id=\"37d02ef\" data-element_type=\"section\">\n\t\t\t\t\t\t<div class=\"elementor-container elementor-column-gap-default\">\n\t\t\t\t\t<div class=\"elementor-column elementor-col-100 elementor-top-column elementor-element elementor-element-4f1adec\" data-id=\"4f1adec\" data-element_type=\"column\">\n\t\t\t<div class=\"elementor-widget-wrap elementor-element-populated\">\n\t\t\t\t\t\t\t\t<div class=\"elementor-element elementor-element-85f3be0 elementor-widget elementor-widget-video\" data-id=\"85f3be0\" data-element_type=\"widget\" data-settings=\"{&quot;youtube_url&quot;:&quot;https:\\\/\\\/www.youtube.com\\\/watch?v=oEkrVK_QcCs&quot;,&quot;video_type&quot;:&quot;youtube&quot;,&quot;controls&quot;:&quot;yes&quot;}\" data-widget_type=\"video.default\">\n\t\t\t\t<div class=\"elementor-widget-container\">\n\t\t\t\t\t<div class=\"elementor-wrapper elementor-open-inline\">\n\t\t\t<div class=\"elementor-video\"><\/div>\t\t<\/div>\n\t\t\t\t<\/div>\n\t\t\t\t<\/div>\n\t\t\t\t\t<\/div>\n\t\t<\/div>\n\t\t\t\t\t\t\t<\/div>\n\t\t<\/section>\n\t\t\t\t<section class=\"elementor-section elementor-top-section elementor-element elementor-element-2e2a7a6 elementor-section-boxed elementor-section-height-default elementor-section-height-default\" data-id=\"2e2a7a6\" data-element_type=\"section\">\n\t\t\t\t\t\t<div class=\"elementor-container elementor-column-gap-default\">\n\t\t\t\t\t<div class=\"elementor-column elementor-col-100 elementor-top-column elementor-element elementor-element-9d3345e\" data-id=\"9d3345e\" data-element_type=\"column\">\n\t\t\t<div class=\"elementor-widget-wrap elementor-element-populated\">\n\t\t\t\t\t\t\t\t<div class=\"elementor-element elementor-element-8214dae elementor-widget elementor-widget-text-editor\" data-id=\"8214dae\" data-element_type=\"widget\" data-widget_type=\"text-editor.default\">\n\t\t\t\t<div class=\"elementor-widget-container\">\n\t\t\t\t\t\t\t<p>One of the bigger lakes in Val-des-Monts and only 40 minutes from Ottawa-Gatineau, Lac de l&#8217;\u00c9cluse is a deep lake with sections as deep as 151 feet. Large stretches of its western shore are crown land, giving this lake a very natural feel. A few tiny islands also dot Lac de l&#8217;\u00c9cluse, making it very picturesque indeed.<\/p><p>Things I love about Lac de l&#8217;\u00c9cluse:<\/p><ul><li>Bigger than most lakes in the area<\/li><li>Leave the house at 5:00pm, be on your dock by 5:40pm<\/li><li>All-natural, unspoiled views<\/li><\/ul>\t\t\t\t\t\t<\/div>\n\t\t\t\t<\/div>\n\t\t\t\t<div class=\"elementor-element elementor-element-0b7b173 elementor-widget elementor-widget-text-editor\" data-id=\"0b7b173\" data-element_type=\"widget\" data-widget_type=\"text-editor.default\">\n\t\t\t\t<div class=\"elementor-widget-container\">\n\t\t\t\t\t\t\t<div>Local attractions:<\/div><ul><li><a href=\"https:\/\/arbraska.com\/parc\/lafleche\/\">Lafl\u00e8che Cave<\/a><\/li><li><a href=\"https:\/\/nakkertok.ca\/trails-facilities\/?lang=en\">Nakkertok Val des Monts<\/a><\/li><\/ul><p>\u00a0<\/p><p>Learn more about the lake and its community:<\/p><ul><li>The lake association\u2019s site: <a href=\"https:\/\/lacecluse.ca\/index.php\">https:\/\/lacecluse.ca\/index.php<\/a><\/li><li>The municipality of Val-des-Monts: <a href=\"https:\/\/www.val-des-monts.net\/\">https:\/\/www.val-des-monts.net\/<\/a><\/li><\/ul>\t\t\t\t\t\t<\/div>\n\t\t\t\t<\/div>\n\t\t\t\t<section class=\"elementor-section elementor-inner-section elementor-element elementor-element-d8c68c8 elementor-section-content-middle elementor-section-boxed elementor-section-height-default elementor-section-height-default\" data-id=\"d8c68c8\" data-element_type=\"section\">\n\t\t\t\t\t\t<div class=\"elementor-container elementor-column-gap-default\">\n\t\t\t\t\t<div class=\"elementor-column elementor-col-50 elementor-inner-column elementor-element elementor-element-941ad59\" data-id=\"941ad59\" data-element_type=\"column\">\n\t\t\t<div class=\"elementor-widget-wrap elementor-element-populated\">\n\t\t\t\t\t\t\t\t<div class=\"elementor-element elementor-element-fac407a elementor-widget elementor-widget-google_maps\" data-id=\"fac407a\" data-element_type=\"widget\" data-widget_type=\"google_maps.default\">\n\t\t\t\t<div class=\"elementor-widget-container\">\n\t\t\t\t\t<div class=\"elementor-custom-embed\">\n\t\t\t<iframe loading=\"lazy\"\n\t\t\t\t\tsrc=\"https:\/\/maps.google.com\/maps?q=lac%20de%20l%27%C3%A9cluse&#038;t=m&#038;z=13&#038;output=embed&#038;iwloc=near\"\n\t\t\t\t\ttitle=\"lac de l&#039;\u00e9cluse\"\n\t\t\t\t\taria-label=\"lac de l&#039;\u00e9cluse\"\n\t\t\t><\/iframe>\n\t\t<\/div>\n\t\t\t\t<\/div>\n\t\t\t\t<\/div>\n\t\t\t\t\t<\/div>\n\t\t<\/div>\n\t\t\t\t<div class=\"elementor-column elementor-col-50 elementor-inner-column elementor-element elementor-element-46f0c74\" data-id=\"46f0c74\" data-element_type=\"column\">\n\t\t\t<div class=\"elementor-widget-wrap elementor-element-populated\">\n\t\t\t\t\t\t\t\t<div class=\"elementor-element elementor-element-78fc804 elementor-align-center elementor-widget elementor-widget-button\" data-id=\"78fc804\" data-element_type=\"widget\" data-widget_type=\"button.default\">\n\t\t\t\t<div class=\"elementor-widget-container\">\n\t\t\t\t\t<div class=\"elementor-button-wrapper\">\n\t\t\t<a class=\"elementor-button elementor-button-link elementor-size-sm\" href=\"https:\/\/www.google.com\/maps\/place\/lac+de+l&#039;%C3%89cluse\/@45.7329259,-75.7898948,14.54z\/data=!4m6!3m5!1s0x4cd1d97193abe19f:0x6a0a2c1c2d1d8f28!8m2!3d45.7302769!4d-75.7794749!16s%2Fg%2F11clgnndg1?entry=ttu\">\n\t\t\t\t\t\t<span class=\"elementor-button-content-wrapper\">\n\t\t\t\t\t\t<span class=\"elementor-button-text\">see map here<\/span>\n\t\t<\/span>\n\t\t\t\t\t<\/a>\n\t\t<\/div>\n\t\t\t\t<\/div>\n\t\t\t\t<\/div>\n\t\t\t\t\t<\/div>\n\t\t<\/div>\n\t\t\t\t\t\t\t<\/div>\n\t\t<\/section>\n\t\t\t\t\t<\/div>\n\t\t<\/div>\n\t\t\t\t\t\t\t<\/div>\n\t\t<\/section>\n\t\t\t\t<section class=\"elementor-section elementor-top-section elementor-element elementor-element-02cbe9d elementor-section-boxed elementor-section-height-default elementor-section-height-default\" data-id=\"02cbe9d\" data-element_type=\"section\">\n\t\t\t\t\t\t<div class=\"elementor-container elementor-column-gap-default\">\n\t\t\t\t\t<div class=\"elementor-column elementor-col-100 elementor-top-column elementor-element elementor-element-70e4804\" data-id=\"70e4804\" data-element_type=\"column\">\n\t\t\t<div class=\"elementor-widget-wrap elementor-element-populated\">\n\t\t\t\t\t\t\t\t<div class=\"elementor-element elementor-element-3157f8d elementor-widget elementor-widget-text-editor\" data-id=\"3157f8d\" data-element_type=\"widget\" data-widget_type=\"text-editor.default\">\n\t\t\t\t<div class=\"elementor-widget-container\">\n\t\t\t\t\t\t\t<p><strong>Searching for your dream waterfront property? Wondering what your waterfront property is worth? Let me send you recent examples of what properties in your desired areas have sold for!<\/strong><\/p>\t\t\t\t\t\t<\/div>\n\t\t\t\t<\/div>\n\t\t\t\t<div class=\"elementor-element elementor-element-b37f6bb elementor-button-align-stretch elementor-widget elementor-widget-global elementor-global-1841 elementor-widget-form\" data-id=\"b37f6bb\" data-element_type=\"widget\" data-settings=\"{&quot;step_next_label&quot;:&quot;Next&quot;,&quot;step_previous_label&quot;:&quot;Previous&quot;,&quot;button_width&quot;:&quot;100&quot;,&quot;step_type&quot;:&quot;number_text&quot;,&quot;step_icon_shape&quot;:&quot;circle&quot;}\" data-widget_type=\"form.default\">\n\t\t\t\t<div class=\"elementor-widget-container\">\n\t\t\t\t\t<form class=\"elementor-form\" method=\"post\" name=\"New Form\">\n\t\t\t<input type=\"hidden\" name=\"post_id\" value=\"2455\"\/>\n\t\t\t<input type=\"hidden\" name=\"form_id\" value=\"b37f6bb\"\/>\n\t\t\t<input type=\"hidden\" name=\"referer_title\" value=\"John Macintyre, Century 21 &#8211; Chelsea, La P\u00eache Real Estate\" \/>\n\n\t\t\t\n\t\t\t<div class=\"elementor-form-fields-wrapper elementor-labels-above\">\n\t\t\t\t\t\t\t\t<div class=\"elementor-field-type-text elementor-field-group elementor-column elementor-field-group-name elementor-col-100\">\n\t\t\t\t\t\t\t\t\t\t\t\t<label for=\"form-field-name\" class=\"elementor-field-label\">\n\t\t\t\t\t\t\t\tName\t\t\t\t\t\t\t<\/label>\n\t\t\t\t\t\t\t\t\t\t\t\t\t\t<input size=\"1\" type=\"text\" name=\"form_fields[name]\" id=\"form-field-name\" class=\"elementor-field elementor-size-sm  elementor-field-textual\" placeholder=\"Name\">\n\t\t\t\t\t\t\t\t\t\t\t<\/div>\n\t\t\t\t\t\t\t\t<div class=\"elementor-field-type-email elementor-field-group elementor-column elementor-field-group-email elementor-col-100 elementor-field-required\">\n\t\t\t\t\t\t\t\t\t\t\t\t<label for=\"form-field-email\" class=\"elementor-field-label\">\n\t\t\t\t\t\t\t\tEmail\t\t\t\t\t\t\t<\/label>\n\t\t\t\t\t\t\t\t\t\t\t\t\t\t<input size=\"1\" type=\"email\" name=\"form_fields[email]\" id=\"form-field-email\" class=\"elementor-field elementor-size-sm  elementor-field-textual\" placeholder=\"Email\" required=\"required\" aria-required=\"true\">\n\t\t\t\t\t\t\t\t\t\t\t<\/div>\n\t\t\t\t\t\t\t\t<div class=\"elementor-field-type-checkbox elementor-field-group elementor-column elementor-field-group-field_a5d3e8f elementor-col-100\">\n\t\t\t\t\t\t\t\t\t\t\t\t<label for=\"form-field-field_a5d3e8f\" class=\"elementor-field-label\">\n\t\t\t\t\t\t\t\tYes, I want to...\t\t\t\t\t\t\t<\/label>\n\t\t\t\t\t\t<div class=\"elementor-field-subgroup  \"><span class=\"elementor-field-option\"><input type=\"checkbox\" value=\"Sign up for the waterfront newsletter with monthly updates on the waterfront property market\" id=\"form-field-field_a5d3e8f-0\" name=\"form_fields[field_a5d3e8f][]\"> <label for=\"form-field-field_a5d3e8f-0\">Sign up for the waterfront newsletter with monthly updates on the waterfront property market<\/label><\/span><span class=\"elementor-field-option\"><input type=\"checkbox\" value=\"Receive a link to available properties on this lake\" id=\"form-field-field_a5d3e8f-1\" name=\"form_fields[field_a5d3e8f][]\"> <label for=\"form-field-field_a5d3e8f-1\">Receive a link to available properties on this lake<\/label><\/span><\/div>\t\t\t\t<\/div>\n\t\t\t\t\t\t\t\t<div class=\"elementor-field-group elementor-column elementor-field-type-submit elementor-col-100 e-form__buttons\">\n\t\t\t\t\t<button type=\"submit\" class=\"elementor-button elementor-size-sm\">\n\t\t\t\t\t\t<span >\n\t\t\t\t\t\t\t\t\t\t\t\t\t\t\t<span class=\" elementor-button-icon\">\n\t\t\t\t\t\t\t\t\t\t\t\t\t\t\t\t\t\t\t\t\t\t\t\t\t\t<\/span>\n\t\t\t\t\t\t\t\t\t\t\t\t\t\t\t\t\t\t\t\t\t\t<span class=\"elementor-button-text\">Send<\/span>\n\t\t\t\t\t\t\t\t\t\t\t\t\t<\/span>\n\t\t\t\t\t<\/button>\n\t\t\t\t<\/div>\n\t\t\t<\/div>\n\t\t<\/form>\n\t\t\t\t<\/div>\n\t\t\t\t<\/div>\n\t\t\t\t\t<\/div>\n\t\t<\/div>\n\t\t\t\t\t\t\t<\/div>\n\t\t<\/section>\n\t\t\t\t\t\t\t<\/div>\n\t\t","protected":false},"excerpt":{"rendered":"<p>Lac de l&#8217;\u00c9cluse Waterfront Real Estate &#8211; 3 Things I Love https:\/\/www.youtube.com\/watch?v=oEkrVK_QcCs One of the bigger lakes in Val-des-Monts and only 40 minutes from Ottawa-Gatineau, Lac de l&#8217;\u00c9cluse is a deep lake with sections as deep as 151 feet. Large stretches of its western shore are crown land, giving this lake a very natural feel. [&hellip;]<\/p>\n","protected":false},"author":73,"featured_media":0,"parent":0,"menu_order":0,"comment_status":"closed","ping_status":"closed","template":"","meta":{"footnotes":""},"yoast_head":"<!-- This site is optimized with the Yoast SEO plugin v21.9 - https:\/\/yoast.com\/wordpress\/plugins\/seo\/ -->\n<title>Lac \u00c9cluse Waterfront Real Estate - 3 Things I Love - John Macintyre, Century 21 - Chelsea, La P\u00eache Real Estate<\/title>\n<meta name=\"description\" content=\"One of the bigger lakes in Val-des-Monts, Lac \u00c9cluse is a deep lake with sections as deep as 151 feet.\" \/>\n<meta name=\"robots\" content=\"index, follow, max-snippet:-1, max-image-preview:large, max-video-preview:-1\" \/>\n<link rel=\"canonical\" href=\"https:\/\/johnmacintyre.net\/en\/lac-ecluse\/\" \/>\n<meta property=\"og:locale\" content=\"en_US\" \/>\n<meta property=\"og:type\" content=\"article\" \/>\n<meta property=\"og:title\" content=\"Lac \u00c9cluse Waterfront Real Estate - 3 Things I Love - John Macintyre, Century 21 - Chelsea, La P\u00eache Real Estate\" \/>\n<meta property=\"og:description\" content=\"One of the bigger lakes in Val-des-Monts, Lac \u00c9cluse is a deep lake with sections as deep as 151 feet.\" \/>\n<meta property=\"og:url\" content=\"https:\/\/johnmacintyre.net\/en\/lac-ecluse\/\" \/>\n<meta property=\"og:site_name\" content=\"John Macintyre, Century 21 - Chelsea, La P\u00eache Real Estate\" \/>\n<meta property=\"article:publisher\" content=\"https:\/\/facebook.com\/johnmacintyrecentury21elite\" \/>\n<meta property=\"article:modified_time\" content=\"2026-02-16T19:10:16+00:00\" \/>\n<meta name=\"twitter:card\" content=\"summary_large_image\" \/>\n<meta name=\"twitter:label1\" content=\"Est. reading time\" \/>\n\t<meta name=\"twitter:data1\" content=\"2 minutes\" \/>\n<script type=\"application\/ld+json\" class=\"yoast-schema-graph\">{\"@context\":\"https:\/\/schema.org\",\"@graph\":[{\"@type\":\"WebPage\",\"@id\":\"https:\/\/johnmacintyre.net\/en\/lac-ecluse\/\",\"url\":\"https:\/\/johnmacintyre.net\/en\/lac-ecluse\/\",\"name\":\"Lac \u00c9cluse Waterfront Real Estate - 3 Things I Love - John Macintyre, Century 21 - Chelsea, La P\u00eache Real Estate\",\"isPartOf\":{\"@id\":\"https:\/\/johnmacintyre.net\/en\/#website\"},\"datePublished\":\"2024-01-23T18:59:24+00:00\",\"dateModified\":\"2026-02-16T19:10:16+00:00\",\"description\":\"One of the bigger lakes in Val-des-Monts, Lac \u00c9cluse is a deep lake with sections as deep as 151 feet.\",\"breadcrumb\":{\"@id\":\"https:\/\/johnmacintyre.net\/en\/lac-ecluse\/#breadcrumb\"},\"inLanguage\":\"en-US\",\"potentialAction\":[{\"@type\":\"ReadAction\",\"target\":[\"https:\/\/johnmacintyre.net\/en\/lac-ecluse\/\"]}]},{\"@type\":\"BreadcrumbList\",\"@id\":\"https:\/\/johnmacintyre.net\/en\/lac-ecluse\/#breadcrumb\",\"itemListElement\":[{\"@type\":\"ListItem\",\"position\":1,\"name\":\"Accueil\",\"item\":\"https:\/\/johnmacintyre.net\/en\/\"},{\"@type\":\"ListItem\",\"position\":2,\"name\":\"Lac \u00c9cluse Waterfront Real Estate &#8211; 3 Things I Love\"}]},{\"@type\":\"WebSite\",\"@id\":\"https:\/\/johnmacintyre.net\/en\/#website\",\"url\":\"https:\/\/johnmacintyre.net\/en\/\",\"name\":\"John Macintyre, Century 21 - Chelsea, La P\u00eache Real Estate\",\"description\":\"John Macintyre, Century 21 - Chelsea, La P\u00eache Real Estate\",\"publisher\":{\"@id\":\"https:\/\/johnmacintyre.net\/en\/#organization\"},\"potentialAction\":[{\"@type\":\"SearchAction\",\"target\":{\"@type\":\"EntryPoint\",\"urlTemplate\":\"https:\/\/johnmacintyre.net\/en\/?s={search_term_string}\"},\"query-input\":\"required name=search_term_string\"}],\"inLanguage\":\"en-US\"},{\"@type\":\"Organization\",\"@id\":\"https:\/\/johnmacintyre.net\/en\/#organization\",\"name\":\"John Macintyre, Century 21 - Chelsea, La P\u00eache Real Estate\",\"url\":\"https:\/\/johnmacintyre.net\/en\/\",\"logo\":{\"@type\":\"ImageObject\",\"inLanguage\":\"en-US\",\"@id\":\"https:\/\/johnmacintyre.net\/en\/#\/schema\/logo\/image\/\",\"url\":\"https:\/\/johnmacintyre.net\/wp-content\/uploads\/sites\/79\/2021\/11\/john-macintyre-logo.png\",\"contentUrl\":\"https:\/\/johnmacintyre.net\/wp-content\/uploads\/sites\/79\/2021\/11\/john-macintyre-logo.png\",\"width\":1219,\"height\":377,\"caption\":\"John Macintyre, Century 21 - Chelsea, La P\u00eache Real Estate\"},\"image\":{\"@id\":\"https:\/\/johnmacintyre.net\/en\/#\/schema\/logo\/image\/\"},\"sameAs\":[\"https:\/\/facebook.com\/johnmacintyrecentury21elite\",\"https:\/\/www.instagram.com\/johnmacintyrecentury21elite\/\"]}]}<\/script>\n<!-- \/ Yoast SEO plugin. -->","yoast_head_json":{"title":"Lac \u00c9cluse Waterfront Real Estate - 3 Things I Love - John Macintyre, Century 21 - Chelsea, La P\u00eache Real Estate","description":"One of the bigger lakes in Val-des-Monts, Lac \u00c9cluse is a deep lake with sections as deep as 151 feet.","robots":{"index":"index","follow":"follow","max-snippet":"max-snippet:-1","max-image-preview":"max-image-preview:large","max-video-preview":"max-video-preview:-1"},"canonical":"https:\/\/johnmacintyre.net\/en\/lac-ecluse\/","og_locale":"en_US","og_type":"article","og_title":"Lac \u00c9cluse Waterfront Real Estate - 3 Things I Love - John Macintyre, Century 21 - Chelsea, La P\u00eache Real Estate","og_description":"One of the bigger lakes in Val-des-Monts, Lac \u00c9cluse is a deep lake with sections as deep as 151 feet.","og_url":"https:\/\/johnmacintyre.net\/en\/lac-ecluse\/","og_site_name":"John Macintyre, Century 21 - Chelsea, La P\u00eache Real Estate","article_publisher":"https:\/\/facebook.com\/johnmacintyrecentury21elite","article_modified_time":"2026-02-16T19:10:16+00:00","twitter_card":"summary_large_image","twitter_misc":{"Est. reading time":"2 minutes"},"schema":{"@context":"https:\/\/schema.org","@graph":[{"@type":"WebPage","@id":"https:\/\/johnmacintyre.net\/en\/lac-ecluse\/","url":"https:\/\/johnmacintyre.net\/en\/lac-ecluse\/","name":"Lac \u00c9cluse Waterfront Real Estate - 3 Things I Love - John Macintyre, Century 21 - Chelsea, La P\u00eache Real Estate","isPartOf":{"@id":"https:\/\/johnmacintyre.net\/en\/#website"},"datePublished":"2024-01-23T18:59:24+00:00","dateModified":"2026-02-16T19:10:16+00:00","description":"One of the bigger lakes in Val-des-Monts, Lac \u00c9cluse is a deep lake with sections as deep as 151 feet.","breadcrumb":{"@id":"https:\/\/johnmacintyre.net\/en\/lac-ecluse\/#breadcrumb"},"inLanguage":"en-US","potentialAction":[{"@type":"ReadAction","target":["https:\/\/johnmacintyre.net\/en\/lac-ecluse\/"]}]},{"@type":"BreadcrumbList","@id":"https:\/\/johnmacintyre.net\/en\/lac-ecluse\/#breadcrumb","itemListElement":[{"@type":"ListItem","position":1,"name":"Accueil","item":"https:\/\/johnmacintyre.net\/en\/"},{"@type":"ListItem","position":2,"name":"Lac \u00c9cluse Waterfront Real Estate &#8211; 3 Things I Love"}]},{"@type":"WebSite","@id":"https:\/\/johnmacintyre.net\/en\/#website","url":"https:\/\/johnmacintyre.net\/en\/","name":"John Macintyre, Century 21 - Chelsea, La P\u00eache Real Estate","description":"John Macintyre, Century 21 - Chelsea, La P\u00eache Real Estate","publisher":{"@id":"https:\/\/johnmacintyre.net\/en\/#organization"},"potentialAction":[{"@type":"SearchAction","target":{"@type":"EntryPoint","urlTemplate":"https:\/\/johnmacintyre.net\/en\/?s={search_term_string}"},"query-input":"required name=search_term_string"}],"inLanguage":"en-US"},{"@type":"Organization","@id":"https:\/\/johnmacintyre.net\/en\/#organization","name":"John Macintyre, Century 21 - Chelsea, La P\u00eache Real Estate","url":"https:\/\/johnmacintyre.net\/en\/","logo":{"@type":"ImageObject","inLanguage":"en-US","@id":"https:\/\/johnmacintyre.net\/en\/#\/schema\/logo\/image\/","url":"https:\/\/johnmacintyre.net\/wp-content\/uploads\/sites\/79\/2021\/11\/john-macintyre-logo.png","contentUrl":"https:\/\/johnmacintyre.net\/wp-content\/uploads\/sites\/79\/2021\/11\/john-macintyre-logo.png","width":1219,"height":377,"caption":"John Macintyre, Century 21 - Chelsea, La P\u00eache Real Estate"},"image":{"@id":"https:\/\/johnmacintyre.net\/en\/#\/schema\/logo\/image\/"},"sameAs":["https:\/\/facebook.com\/johnmacintyrecentury21elite","https:\/\/www.instagram.com\/johnmacintyrecentury21elite\/"]}]}},"_links":{"self":[{"href":"https:\/\/johnmacintyre.net\/en\/wp-json\/wp\/v2\/pages\/2455"}],"collection":[{"href":"https:\/\/johnmacintyre.net\/en\/wp-json\/wp\/v2\/pages"}],"about":[{"href":"https:\/\/johnmacintyre.net\/en\/wp-json\/wp\/v2\/types\/page"}],"author":[{"embeddable":true,"href":"https:\/\/johnmacintyre.net\/en\/wp-json\/wp\/v2\/users\/73"}],"replies":[{"embeddable":true,"href":"https:\/\/johnmacintyre.net\/en\/wp-json\/wp\/v2\/comments?post=2455"}],"version-history":[{"count":45,"href":"https:\/\/johnmacintyre.net\/en\/wp-json\/wp\/v2\/pages\/2455\/revisions"}],"predecessor-version":[{"id":4101,"href":"https:\/\/johnmacintyre.net\/en\/wp-json\/wp\/v2\/pages\/2455\/revisions\/4101"}],"wp:attachment":[{"href":"https:\/\/johnmacintyre.net\/en\/wp-json\/wp\/v2\/media?parent=2455"}],"curies":[{"name":"wp","href":"https:\/\/api.w.org\/{rel}","templated":true}]}}